{"id":236,"date":"2019-05-06T11:13:49","date_gmt":"2019-05-06T09:13:49","guid":{"rendered":"http:\/\/psf.krajeciprkna.cz\/?page_id=236"},"modified":"2019-05-26T18:16:53","modified_gmt":"2019-05-26T16:16:53","slug":"faq","status":"publish","type":"page","link":"https:\/\/2019.projectspacefestival-berlin.com\/de\/faq\/","title":{"rendered":"Frequently Asked Questions"},"content":{"rendered":"<p><strong>Was ist das Project Space Festival Berlin ?<\/strong><br \/>\nDas Project Space Festival Berlin ist ein Festival, das die Arbeit von unabh\u00e4ngigen k\u00fcnstlerischen Projektr\u00e4umen, Projektinitiativen,Kollektiven und Strukturen beleuchtet. 2019 findet es unter dem Titel \u201eWhen the Hunger Starts\u201c statt.<\/p>\n<p><strong>Wann findet das Project Space Festival Berlin 2019 statt ?<\/strong><br \/>\nDas Project Space Festival Berlin findet dieses Jahr vom 01. &#8211; 30. Juni statt.<\/p>\n<p><strong>Wie viele Veranstaltungen gibt es ?<\/strong><br \/>\nEs gibt genau 30 Veranstaltungen, jeden Tag eine andere in einem Zeitrahmen von bis zu 24 Stunden.<\/p>\n<p><strong>Was kostet der Eintritt?<\/strong><br \/>\nNichts. Das Project Space Festival Berlin ist kostenlos.<\/p>\n<p><strong>Wo finden die Veranstaltungen statt ?<\/strong><br \/>\nDie Veranstaltungen finden, ausgesucht von den einzelnen Projektr\u00e4umen an verschiedenen \u00f6ffentlichen Orten und an Nicht-Kunst-Orten in Berlin statt. Mehr Informationen gibt es in unserem Kalender.<\/p>\n<p><strong>Wer nimmt am Project Space Festival Berlin teil ?<\/strong><br \/>\n+DEDE I 427 I Arts of the Working Class I Ashley I Berlinskej Model I Cave I Crybaby I Coven Berlin I Dzialdov I Editorial I EVBG I Ginny I GOMO I Horse &amp; Pony I Italic I Limbo I Panke Gallery I Po\u015fe I Room E-10 27 I Si:Said Gallery I State of the Art I stay hungry I Storage Capacit\u00e9 I The Institute for Endotic Research I The Mycological Twist I TZVETNIK I Urlaub Projects I Very I When the Image is New The World is New<\/p>\n<p><strong>Sind die Veranstaltungen barrierefrei ?<\/strong><br \/>\nHinweise zur Barrierefreiheit gibt es auf den einzelnen Veranstaltungsseiten (zug\u00e4nglich \u00fcber den Kalender und der Teilnehmer*innenseite) und unter Barrierefreiheit.<\/p>\n<p><strong>Wer richtet das Project Space Festival Berlin 2019 aus ?<\/strong><br \/>\nDieses Jahr wird das Project Space Festival Berlin von einem Team angeleitet vom Kreuzberg Pavillon ausgerichtet. Mehr dazu auf unserer Team-Seite.<\/p>","protected":false},"excerpt":{"rendered":"<p>Was ist das Project Space Festival Berlin ? Das Project Space Festival Berlin ist ein Festival, das die Arbeit von unabh\u00e4ngigen k\u00fcnstlerischen Projektr\u00e4umen, Projektinitiativen,Kollektiven und Strukturen beleuchtet. 2019 findet es unter dem Titel \u201eWhen the Hunger Starts\u201c statt. Wann findet das Project Space Festival Berlin 2019 statt ? Das Project Space Festival Berlin findet dieses Jahr vom 01. &#8211; 30.<br \/><a class=\"post-read-more\" href=\"https:\/\/2019.projectspacefestival-berlin.com\/de\/faq\/\">&#9654;&#9654; Weiterlesen<\/a><\/p>\n","protected":false},"author":1,"featured_media":0,"parent":0,"menu_order":0,"comment_status":"closed","ping_status":"closed","template":"","meta":{"_mi_skip_tracking":false},"acf":[],"_links":{"self":[{"href":"https:\/\/2019.projectspacefestival-berlin.com\/de\/wp-json\/wp\/v2\/pages\/236"}],"collection":[{"href":"https:\/\/2019.projectspacefestival-berlin.com\/de\/wp-json\/wp\/v2\/pages"}],"about":[{"href":"https:\/\/2019.projectspacefestival-berlin.com\/de\/wp-json\/wp\/v2\/types\/page"}],"author":[{"embeddable":true,"href":"https:\/\/2019.projectspacefestival-berlin.com\/de\/wp-json\/wp\/v2\/users\/1"}],"replies":[{"embeddable":true,"href":"https:\/\/2019.projectspacefestival-berlin.com\/de\/wp-json\/wp\/v2\/comments?post=236"}],"version-history":[{"count":9,"href":"https:\/\/2019.projectspacefestival-berlin.com\/de\/wp-json\/wp\/v2\/pages\/236\/revisions"}],"predecessor-version":[{"id":1071,"href":"https:\/\/2019.projectspacefestival-berlin.com\/de\/wp-json\/wp\/v2\/pages\/236\/revisions\/1071"}],"wp:attachment":[{"href":"https:\/\/2019.projectspacefestival-berlin.com\/de\/wp-json\/wp\/v2\/media?parent=236"}],"curies":[{"name":"wp","href":"https:\/\/api.w.org\/{rel}","templated":true}]}}