{"id":242,"date":"2019-05-06T11:16:40","date_gmt":"2019-05-06T09:16:40","guid":{"rendered":"http:\/\/psf.krajeciprkna.cz\/?page_id=242"},"modified":"2019-05-20T22:06:38","modified_gmt":"2019-05-20T20:06:38","slug":"impressum","status":"publish","type":"page","link":"https:\/\/2019.projectspacefestival-berlin.com\/de\/impressum\/","title":{"rendered":"Impressum"},"content":{"rendered":"<div id=\"pl-242\"  class=\"panel-layout\" ><div id=\"pg-242-0\"  class=\"panel-grid panel-no-style\" ><div id=\"pgc-242-0-0\"  class=\"panel-grid-cell panel-grid-cell-empty\" ><\/div><div id=\"pgc-242-0-1\"  class=\"panel-grid-cell panel-grid-cell-mobile-last\" ><div id=\"panel-242-0-1-0\" class=\"so-panel widget widget_sow-editor panel-first-child panel-last-child\" data-index=\"0\" ><div class=\"so-widget-sow-editor so-widget-sow-editor-base\"><h3 class=\"widget-title\">Impressum<\/h3>\n<div class=\"siteorigin-widget-tinymce textwidget\">\n\t<div><\/div>\n<div><\/div>\n<p>Project Space Festival Berlin 2019<br \/>\nNaunynstra\u00dfe 53<br \/>\n10999 Berlin<\/p>\n<p>K\u00fcnstlerische Leitung 2019 : Kreuzberg Pavillon (Heiko Pfreundt &amp; Lisa Schorm)<\/p>\n<p>Das Project Space Festival Berlin wurde 2014 gegr\u00fcndet von : Marie Graftieaux, Nora Mayr, Lauren Reid<\/p>\n<p>Rechtliche Hinweise:\u00a0Alle Daten und Informationen, die in unseren Internetseiten enthalten sind, wurden sorgf\u00e4ltig recherchiert und \u00fcberpr\u00fcft. Trotzdem k\u00f6nnen wir keine Haftung f\u00fcr ihre Korrektheit, Vollst\u00e4ndigkeit oder Aktualit\u00e4t \u00fcbernehmen. Die Webseite des Project Space Festivals k\u00f6nnte ohne ihre wissen von einer anderen Seite Mittels Hyperlink angelinkt worden sein. Kreuzberg Pavillon \u00fcbernimmt keine Verantwortung f\u00fcr Darstellungen, Inhalte oder irgendeine Verbindung zu der Project Space Festival Webseite stehenden Dritten. Eine Verpflichtung zur \u00dcberwachung der verlinkten Inhalte besteht f\u00fcr\u00a0Kreuzberg Pavillon als Anbieter nicht. Sollten Sie der Ansicht sein, dass die verlinkten externen Seiten gegen geltendes Recht versto\u00dfen oder sonst unangemessene Inhalte haben, so teilen Sie uns dies bitte mit.<\/p>\n<p>\u00a9 Project Space Festival Berlin, \u00a0die Autor*innen, die K\u00fcnstler*innen, und beteiligten Projektr\u00e4ume. Alle Rechte vorbehalten, insbesondere das der Vervielf\u00e4ltigung und Weiterverbreitung von Autorenbeitr\u00e4gen und Abbildungen k\u00fcnstlerischer Werke oder anderer Illustrationen<\/p>\n<p>&nbsp;<\/p>\n<div><\/div>\n<div>\n<p>&nbsp;<\/p>\n<\/div>\n<\/div>\n<\/div><\/div><\/div><div id=\"pgc-242-0-2\"  class=\"panel-grid-cell panel-grid-cell-empty\" ><\/div><\/div><\/div>","protected":false},"excerpt":{"rendered":"<p>Project Space Festival Berlin 2019 Naunynstra\u00dfe 53 10999 Berlin K\u00fcnstlerische Leitung 2019 : Kreuzberg Pavillon (Heiko Pfreundt &amp; Lisa Schorm) Das Project Space Festival Berlin wurde 2014 gegr\u00fcndet von : Marie Graftieaux, Nora Mayr, Lauren Reid Rechtliche Hinweise:\u00a0Alle Daten und Informationen, die in unseren Internetseiten enthalten sind, wurden sorgf\u00e4ltig recherchiert und \u00fcberpr\u00fcft. Trotzdem<br \/><a class=\"post-read-more\" href=\"https:\/\/2019.projectspacefestival-berlin.com\/de\/impressum\/\">&#9654;&#9654; Weiterlesen<\/a><\/p>\n","protected":false},"author":1,"featured_media":0,"parent":0,"menu_order":0,"comment_status":"closed","ping_status":"closed","template":"","meta":{"_mi_skip_tracking":false},"acf":[],"_links":{"self":[{"href":"https:\/\/2019.projectspacefestival-berlin.com\/de\/wp-json\/wp\/v2\/pages\/242"}],"collection":[{"href":"https:\/\/2019.projectspacefestival-berlin.com\/de\/wp-json\/wp\/v2\/pages"}],"about":[{"href":"https:\/\/2019.projectspacefestival-berlin.com\/de\/wp-json\/wp\/v2\/types\/page"}],"author":[{"embeddable":true,"href":"https:\/\/2019.projectspacefestival-berlin.com\/de\/wp-json\/wp\/v2\/users\/1"}],"replies":[{"embeddable":true,"href":"https:\/\/2019.projectspacefestival-berlin.com\/de\/wp-json\/wp\/v2\/comments?post=242"}],"version-history":[{"count":6,"href":"https:\/\/2019.projectspacefestival-berlin.com\/de\/wp-json\/wp\/v2\/pages\/242\/revisions"}],"predecessor-version":[{"id":823,"href":"https:\/\/2019.projectspacefestival-berlin.com\/de\/wp-json\/wp\/v2\/pages\/242\/revisions\/823"}],"wp:attachment":[{"href":"https:\/\/2019.projectspacefestival-berlin.com\/de\/wp-json\/wp\/v2\/media?parent=242"}],"curies":[{"name":"wp","href":"https:\/\/api.w.org\/{rel}","templated":true}]}}