{"id":428,"date":"2019-05-09T10:50:21","date_gmt":"2019-05-09T08:50:21","guid":{"rendered":"https:\/\/2019.projectspacefestival-berlin.com\/?page_id=428"},"modified":"2019-06-04T14:37:14","modified_gmt":"2019-06-04T12:37:14","slug":"team","status":"publish","type":"page","link":"https:\/\/2019.projectspacefestival-berlin.com\/de\/team\/","title":{"rendered":"Team"},"content":{"rendered":"<div id=\"pl-428\"  class=\"panel-layout\" ><div id=\"pg-428-0\"  class=\"panel-grid panel-has-style\" ><div class=\"panel-row-style panel-row-style-for-428-0\" ><div id=\"pgc-428-0-0\"  class=\"panel-grid-cell panel-grid-cell-empty\" ><\/div><div id=\"pgc-428-0-1\"  class=\"panel-grid-cell panel-grid-cell-mobile-last\" ><div id=\"panel-428-0-1-0\" class=\"so-panel widget widget_sow-editor panel-first-child panel-last-child\" data-index=\"0\" ><div class=\"so-widget-sow-editor so-widget-sow-editor-base\"><h3 class=\"widget-title\">Team<\/h3>\n<div class=\"siteorigin-widget-tinymce textwidget\">\n\t<\/p>\n<p><strong>Kreuzberg Pavillon<\/strong> (Heiko Pfreundt | Lisa Schorm) konzentriert sich auf die Entwicklung erweiterter Ausstellungskonzepte, die bisher nur in Projektr\u00e4umen konzipiert und umgesetzt werden k\u00f6nnen. Die besondere intellektuelle und sensorische Freiheit der K\u00fcnstler*innen und damit der Besucher*innen im Projektraum wird in einer Vielzahl von Ausstellungen und offenen Konzepten erprobt, die einen notwendigen entinstitutionalisierten Erfahrungsraum bilden. In diesem Jahr \u00fcbernimmt der Kreuzberg Pavillon die k\u00fcnstlerische Leitung des Project Space Festivals Berlin.<\/p>\n<p><strong>Feben Amara<\/strong> hat Kunst-, Kulturwissenschaft und Germanistik studiert. Ihre Arbeit und Forschung umkreisen die Wissensformationen postkolonialer Theorie, Transkulturalit\u00e4t und Resistance Studies. Sie ist an k\u00fcnstlerisch-kuratorischen Praxen interessiert, die den M\u00f6glichkeitsraum einer \u00e4sthetischen Politik und politischen \u00c4sthetik ausloten.<br \/>\nIm Rahmen des Project Space Festival Berlin 2019 wird sie als Autorin und Redakteurin an textuellen Beitr\u00e4gen arbeiten, die auf <a href=\"https:\/\/2019.projectspacefestival-berlin.com\/de\/\">dieser<\/a> Webseite erscheinen werden.<\/p>\n<p><strong>Anna Bromley<\/strong> entwickelt Ausstellungen, Installationen, Performances, Texte, Radiogespr\u00e4che und -st\u00fccke. Ihr Interesse gilt Br\u00fcchen und Aussetzern in repr\u00e4sentativen Rede- und Sprechweisen. Zuletzt waren ihre Arbeiten zu sehen und h\u00f6ren in: HKW Berlin, AgvA CIAT Berlin, MUU Helsinki, documenta14 Radio, SAVVY Contemporary, Musrara Mix Jerusalem, Fondazione Arthur Cravan Milano. Als 2018er Jahresstipendiatin der nGbK Berlin initiierte sie kollektive Radioexperimente, die die basisdemokratische Ausstellungspraxis der nGbK untersucht haben. Im ersten Halbjahr 2019 ist sie Teil des Projektraumfestivalteams.<br \/>\nFoto:\u00a0 Stefan M\u00fcller Konzertfotos<\/p>\n<p><strong>Amelie Jakubek<\/strong> ist K\u00fcnstlerin und Organisatorin mit einem Hintergrund in Bildender Kunst und Soziologie. Sie nutzt k\u00fcnstlerische und nicht-k\u00fcnstlerische Mittel, um die Beziehungen zwischen Einzelpersonen und kollektiven\/r Geschichte\/n, Strukturen und Verhaltensweisen zu verstehen. Sie arbeitet in Kollektiven, im Bildungskontext, Kunstweltinstitutionen, im Verlagswesen und mit filmischen Ausdrucksweisen. F\u00fcr das PSF 2019 kollaboriert sie mit dem Kreuzberg Pavillon darin, das zu koordinieren, was getan werden muss.<\/p>\n<p><strong>Penny Rafferty<\/strong> ist Autorin und visuelle Theoretikerin mit Sitz in Berlin. Ihre theoretischen Essays und literarischen Texte wurden unter anderem f\u00fcr Cura, Kaleidoscope Magazine, Keen on, NRW D\u00fcsseldorf, Flash Art und Elephant Magazine in Auftrag gegeben. Ihre Rolle beim diesj\u00e4hrigen Project Space Festival ist es, den Pressekontext des Festivals zu managen.<\/p>\n<p><strong>Larissa Friedrich<\/strong> spielte bisher eine Rolle in der Dokumentation von Musik, Kunst und Architektur. Nebenbei arbeitete sie als freie Kuratorin in verschiedenen Projekten in den St\u00e4dten Stuttgart, Berlin, Kassel und London. Sie war f\u00fcr den gro\u00dfen deutschen Verlag Merve t\u00e4tig, wo ihr j\u00fcngstes Projekt \u201eGesammelte Schriften von Mies van der Rohe\u201c in diesem Jahr zu 100 Jahre Bauhaus erscheint. Larissa leitet die deutschen Presse f\u00fcr das diesj\u00e4hrige PSF Berlin.<\/p>\n<p><a style=\"text-decoration: none;\" href=\"https:\/\/richardbakes.tumblr.com\/\" target=\"_BLANK\"><strong>Richard Bake\u0161 (galerie Berlinskej Model)<\/strong><\/a> - Grafikdesign<\/p>\n<p><a style=\"text-decoration: none;\" href=\"https:\/\/www.facebook.com\/eduard.bakes\" target=\"_BLANK\"><strong>Eduard Bake\u0161<\/strong><\/a> - Webseite<\/p>\n<\/div>\n<\/div><\/div><\/div><div id=\"pgc-428-0-2\"  class=\"panel-grid-cell panel-grid-cell-empty\" ><\/div><\/div><\/div><\/div>","protected":false},"excerpt":{"rendered":"<p>Kreuzberg Pavillon (Heiko Pfreundt | Lisa Schorm) konzentriert sich auf die Entwicklung erweiterter Ausstellungskonzepte, die bisher nur in Projektr\u00e4umen konzipiert und umgesetzt werden k\u00f6nnen. Die besondere intellektuelle und sensorische Freiheit der K\u00fcnstler*innen und damit der Besucher*innen im Projektraum wird in einer Vielzahl von<br \/><a class=\"post-read-more\" href=\"https:\/\/2019.projectspacefestival-berlin.com\/de\/team\/\">&#9654;&#9654; Weiterlesen<\/a><\/p>\n","protected":false},"author":1,"featured_media":0,"parent":0,"menu_order":0,"comment_status":"closed","ping_status":"closed","template":"","meta":{"_mi_skip_tracking":false},"acf":[],"_links":{"self":[{"href":"https:\/\/2019.projectspacefestival-berlin.com\/de\/wp-json\/wp\/v2\/pages\/428"}],"collection":[{"href":"https:\/\/2019.projectspacefestival-berlin.com\/de\/wp-json\/wp\/v2\/pages"}],"about":[{"href":"https:\/\/2019.projectspacefestival-berlin.com\/de\/wp-json\/wp\/v2\/types\/page"}],"author":[{"embeddable":true,"href":"https:\/\/2019.projectspacefestival-berlin.com\/de\/wp-json\/wp\/v2\/users\/1"}],"replies":[{"embeddable":true,"href":"https:\/\/2019.projectspacefestival-berlin.com\/de\/wp-json\/wp\/v2\/comments?post=428"}],"version-history":[{"count":115,"href":"https:\/\/2019.projectspacefestival-berlin.com\/de\/wp-json\/wp\/v2\/pages\/428\/revisions"}],"predecessor-version":[{"id":1329,"href":"https:\/\/2019.projectspacefestival-berlin.com\/de\/wp-json\/wp\/v2\/pages\/428\/revisions\/1329"}],"wp:attachment":[{"href":"https:\/\/2019.projectspacefestival-berlin.com\/de\/wp-json\/wp\/v2\/media?parent=428"}],"curies":[{"name":"wp","href":"https:\/\/api.w.org\/{rel}","templated":true}]}}